{"id":348,"date":"2026-03-26T12:27:07","date_gmt":"2026-03-26T12:27:07","guid":{"rendered":"https:\/\/dragoljub.in.rs\/wp\/?page_id=348"},"modified":"2026-03-26T12:27:07","modified_gmt":"2026-03-26T12:27:07","slug":"fizika-1-i-2-razred-lekcija-007-opticki-instrumenti","status":"publish","type":"page","link":"https:\/\/dragoljub.in.rs\/wp\/fizika-1-i-2-razred-lekcija-007-opticki-instrumenti\/","title":{"rendered":"Fizika 1. i 2. razred \u2013 lekcija 007 \u2013 Opti\u010dki instrumenti"},"content":{"rendered":"<p><a href=\"https:\/\/fizis.rs\/osnovna-skola\/viii-%D1%80%D0%B0%D0%B7%D1%80%D0%B5%D0%B4\/%D1%81%D0%B2%D0%B5%D1%82%D0%BB%D0%BE%D1%81%D0%BD%D0%B5-%D0%BF%D0%BE%D1%98%D0%B0%D0%B2%D0%B5\/opticki-instrumenti\/\">Opti\u010dki instrumenti &#8211; fizis<\/a><\/p>\n<p><a href=\"https:\/\/mojaskola.rtsplaneta.rs\/show\/1780949\/821\/os8-fizika-22-cas-opticki-instrumenti-obrada\">Opti\u010dki instrumenti &#8211; RTS planeta<\/a><\/p>\n","protected":false},"excerpt":{"rendered":"<p>Opti\u010dki instrumenti &#8211; fizis Opti\u010dki instrumenti &#8211; RTS planeta<\/p>\n","protected":false},"author":1,"featured_media":0,"parent":0,"menu_order":0,"comment_status":"closed","ping_status":"closed","template":"","meta":{"footnotes":""},"class_list":["post-348","page","type-page","status-publish","hentry"],"yoast_head":"<!-- This site is optimized with the Yoast SEO plugin v27.1.1 - https:\/\/yoast.com\/product\/yoast-seo-wordpress\/ -->\n<title>Fizika 1. i 2. razred \u2013 lekcija 007 \u2013 Opti\u010dki instrumenti - dragoljub.in.rs<\/title>\n<meta name=\"robots\" content=\"index, follow, max-snippet:-1, max-image-preview:large, max-video-preview:-1\" \/>\n<link rel=\"canonical\" href=\"https:\/\/dragoljub.in.rs\/wp\/fizika-1-i-2-razred-lekcija-007-opticki-instrumenti\/\" \/>\n<meta property=\"og:locale\" content=\"en_US\" \/>\n<meta property=\"og:type\" content=\"article\" \/>\n<meta property=\"og:title\" content=\"Fizika 1. i 2. razred \u2013 lekcija 007 \u2013 Opti\u010dki instrumenti - dragoljub.in.rs\" \/>\n<meta property=\"og:description\" content=\"Opti\u010dki instrumenti &#8211; fizis Opti\u010dki instrumenti &#8211; RTS planeta\" \/>\n<meta property=\"og:url\" content=\"https:\/\/dragoljub.in.rs\/wp\/fizika-1-i-2-razred-lekcija-007-opticki-instrumenti\/\" \/>\n<meta property=\"og:site_name\" content=\"dragoljub.in.rs\" \/>\n<meta name=\"twitter:card\" content=\"summary_large_image\" \/>\n<meta name=\"twitter:label1\" content=\"Est. reading time\" \/>\n\t<meta name=\"twitter:data1\" content=\"1 minute\" \/>\n<script type=\"application\/ld+json\" class=\"yoast-schema-graph\">{\"@context\":\"https:\/\/schema.org\",\"@graph\":[{\"@type\":\"WebPage\",\"@id\":\"https:\/\/dragoljub.in.rs\/wp\/fizika-1-i-2-razred-lekcija-007-opticki-instrumenti\/\",\"url\":\"https:\/\/dragoljub.in.rs\/wp\/fizika-1-i-2-razred-lekcija-007-opticki-instrumenti\/\",\"name\":\"Fizika 1. i 2. razred \u2013 lekcija 007 \u2013 Opti\u010dki instrumenti - dragoljub.in.rs\",\"isPartOf\":{\"@id\":\"https:\/\/dragoljub.in.rs\/wp\/#website\"},\"datePublished\":\"2026-03-26T12:27:07+00:00\",\"breadcrumb\":{\"@id\":\"https:\/\/dragoljub.in.rs\/wp\/fizika-1-i-2-razred-lekcija-007-opticki-instrumenti\/#breadcrumb\"},\"inLanguage\":\"en-US\",\"potentialAction\":[{\"@type\":\"ReadAction\",\"target\":[\"https:\/\/dragoljub.in.rs\/wp\/fizika-1-i-2-razred-lekcija-007-opticki-instrumenti\/\"]}]},{\"@type\":\"BreadcrumbList\",\"@id\":\"https:\/\/dragoljub.in.rs\/wp\/fizika-1-i-2-razred-lekcija-007-opticki-instrumenti\/#breadcrumb\",\"itemListElement\":[{\"@type\":\"ListItem\",\"position\":1,\"name\":\"Home\",\"item\":\"https:\/\/dragoljub.in.rs\/wp\/\"},{\"@type\":\"ListItem\",\"position\":2,\"name\":\"Fizika 1. i 2. razred \u2013 lekcija 007 \u2013 Opti\u010dki instrumenti\"}]},{\"@type\":\"WebSite\",\"@id\":\"https:\/\/dragoljub.in.rs\/wp\/#website\",\"url\":\"https:\/\/dragoljub.in.rs\/wp\/\",\"name\":\"dragoljub.in.rs\",\"description\":\"\",\"potentialAction\":[{\"@type\":\"SearchAction\",\"target\":{\"@type\":\"EntryPoint\",\"urlTemplate\":\"https:\/\/dragoljub.in.rs\/wp\/?s={search_term_string}\"},\"query-input\":{\"@type\":\"PropertyValueSpecification\",\"valueRequired\":true,\"valueName\":\"search_term_string\"}}],\"inLanguage\":\"en-US\"}]}<\/script>\n<!-- \/ Yoast SEO plugin. -->","yoast_head_json":{"title":"Fizika 1. i 2. razred \u2013 lekcija 007 \u2013 Opti\u010dki instrumenti - dragoljub.in.rs","robots":{"index":"index","follow":"follow","max-snippet":"max-snippet:-1","max-image-preview":"max-image-preview:large","max-video-preview":"max-video-preview:-1"},"canonical":"https:\/\/dragoljub.in.rs\/wp\/fizika-1-i-2-razred-lekcija-007-opticki-instrumenti\/","og_locale":"en_US","og_type":"article","og_title":"Fizika 1. i 2. razred \u2013 lekcija 007 \u2013 Opti\u010dki instrumenti - dragoljub.in.rs","og_description":"Opti\u010dki instrumenti &#8211; fizis Opti\u010dki instrumenti &#8211; RTS planeta","og_url":"https:\/\/dragoljub.in.rs\/wp\/fizika-1-i-2-razred-lekcija-007-opticki-instrumenti\/","og_site_name":"dragoljub.in.rs","twitter_card":"summary_large_image","twitter_misc":{"Est. reading time":"1 minute"},"schema":{"@context":"https:\/\/schema.org","@graph":[{"@type":"WebPage","@id":"https:\/\/dragoljub.in.rs\/wp\/fizika-1-i-2-razred-lekcija-007-opticki-instrumenti\/","url":"https:\/\/dragoljub.in.rs\/wp\/fizika-1-i-2-razred-lekcija-007-opticki-instrumenti\/","name":"Fizika 1. i 2. razred \u2013 lekcija 007 \u2013 Opti\u010dki instrumenti - dragoljub.in.rs","isPartOf":{"@id":"https:\/\/dragoljub.in.rs\/wp\/#website"},"datePublished":"2026-03-26T12:27:07+00:00","breadcrumb":{"@id":"https:\/\/dragoljub.in.rs\/wp\/fizika-1-i-2-razred-lekcija-007-opticki-instrumenti\/#breadcrumb"},"inLanguage":"en-US","potentialAction":[{"@type":"ReadAction","target":["https:\/\/dragoljub.in.rs\/wp\/fizika-1-i-2-razred-lekcija-007-opticki-instrumenti\/"]}]},{"@type":"BreadcrumbList","@id":"https:\/\/dragoljub.in.rs\/wp\/fizika-1-i-2-razred-lekcija-007-opticki-instrumenti\/#breadcrumb","itemListElement":[{"@type":"ListItem","position":1,"name":"Home","item":"https:\/\/dragoljub.in.rs\/wp\/"},{"@type":"ListItem","position":2,"name":"Fizika 1. i 2. razred \u2013 lekcija 007 \u2013 Opti\u010dki instrumenti"}]},{"@type":"WebSite","@id":"https:\/\/dragoljub.in.rs\/wp\/#website","url":"https:\/\/dragoljub.in.rs\/wp\/","name":"dragoljub.in.rs","description":"","potentialAction":[{"@type":"SearchAction","target":{"@type":"EntryPoint","urlTemplate":"https:\/\/dragoljub.in.rs\/wp\/?s={search_term_string}"},"query-input":{"@type":"PropertyValueSpecification","valueRequired":true,"valueName":"search_term_string"}}],"inLanguage":"en-US"}]}},"_links":{"self":[{"href":"https:\/\/dragoljub.in.rs\/wp\/wp-json\/wp\/v2\/pages\/348","targetHints":{"allow":["GET"]}}],"collection":[{"href":"https:\/\/dragoljub.in.rs\/wp\/wp-json\/wp\/v2\/pages"}],"about":[{"href":"https:\/\/dragoljub.in.rs\/wp\/wp-json\/wp\/v2\/types\/page"}],"author":[{"embeddable":true,"href":"https:\/\/dragoljub.in.rs\/wp\/wp-json\/wp\/v2\/users\/1"}],"replies":[{"embeddable":true,"href":"https:\/\/dragoljub.in.rs\/wp\/wp-json\/wp\/v2\/comments?post=348"}],"version-history":[{"count":1,"href":"https:\/\/dragoljub.in.rs\/wp\/wp-json\/wp\/v2\/pages\/348\/revisions"}],"predecessor-version":[{"id":349,"href":"https:\/\/dragoljub.in.rs\/wp\/wp-json\/wp\/v2\/pages\/348\/revisions\/349"}],"wp:attachment":[{"href":"https:\/\/dragoljub.in.rs\/wp\/wp-json\/wp\/v2\/media?parent=348"}],"curies":[{"name":"wp","href":"https:\/\/api.w.org\/{rel}","templated":true}]}}