{"id":336,"date":"2026-03-24T16:45:08","date_gmt":"2026-03-24T16:45:08","guid":{"rendered":"https:\/\/dragoljub.in.rs\/wp\/?page_id=336"},"modified":"2026-03-25T13:49:37","modified_gmt":"2026-03-25T13:49:37","slug":"matematika-3-razred-lekcija-006-povrsi-u-prostoru","status":"publish","type":"page","link":"https:\/\/dragoljub.in.rs\/wp\/matematika-3-razred-lekcija-006-povrsi-u-prostoru\/","title":{"rendered":"Matematika \u2013 3. razred \u2013 lekcija 006 &#8211; Povr\u0161i u prostoru"},"content":{"rendered":"<p><a href=\"https:\/\/matematiranje.in.rs\/Visa%20matematika\/3.Geometrija\/8.Neke%20povrsi%20u%20R%20na3.pdf\">NEKE POVR\u0160I U R3 &#8211; matematiranje<\/a><\/p>\n<p><a href=\"https:\/\/www.youtube.com\/watch?v=MQxfc068AHw\">Konusni preseci DM<\/a><\/p>\n<p><a href=\"https:\/\/www.youtube.com\/watch?v=OQg-ykp2-Qk\">Konusna i cilindri\u010dna povr\u0161 &#8211; neramat<\/a><\/p>\n<p><a href=\"https:\/\/www.youtube.com\/watch?v=j8pqi53Kk9M\">Cilindri\u010dna, konusna i obrtna povr\u0161 &#8211; Matematika III<\/a><\/p>\n","protected":false},"excerpt":{"rendered":"<p>NEKE POVR\u0160I U R3 &#8211; matematiranje Konusni preseci DM Konusna i cilindri\u010dna povr\u0161 &#8211; neramat Cilindri\u010dna, konusna i obrtna povr\u0161 &#8211; Matematika III<\/p>\n","protected":false},"author":1,"featured_media":0,"parent":0,"menu_order":0,"comment_status":"closed","ping_status":"closed","template":"","meta":{"footnotes":""},"class_list":["post-336","page","type-page","status-publish","hentry"],"yoast_head":"<!-- This site is optimized with the Yoast SEO plugin v27.1.1 - https:\/\/yoast.com\/product\/yoast-seo-wordpress\/ -->\n<title>Matematika \u2013 3. razred \u2013 lekcija 006 - Povr\u0161i u prostoru - dragoljub.in.rs<\/title>\n<meta name=\"robots\" content=\"index, follow, max-snippet:-1, max-image-preview:large, max-video-preview:-1\" \/>\n<link rel=\"canonical\" href=\"https:\/\/dragoljub.in.rs\/wp\/matematika-3-razred-lekcija-006-povrsi-u-prostoru\/\" \/>\n<meta property=\"og:locale\" content=\"en_US\" \/>\n<meta property=\"og:type\" content=\"article\" \/>\n<meta property=\"og:title\" content=\"Matematika \u2013 3. razred \u2013 lekcija 006 - Povr\u0161i u prostoru - dragoljub.in.rs\" \/>\n<meta property=\"og:description\" content=\"NEKE POVR\u0160I U R3 &#8211; matematiranje Konusni preseci DM Konusna i cilindri\u010dna povr\u0161 &#8211; neramat Cilindri\u010dna, konusna i obrtna povr\u0161 &#8211; Matematika III\" \/>\n<meta property=\"og:url\" content=\"https:\/\/dragoljub.in.rs\/wp\/matematika-3-razred-lekcija-006-povrsi-u-prostoru\/\" \/>\n<meta property=\"og:site_name\" content=\"dragoljub.in.rs\" \/>\n<meta property=\"article:modified_time\" content=\"2026-03-25T13:49:37+00:00\" \/>\n<meta name=\"twitter:card\" content=\"summary_large_image\" \/>\n<meta name=\"twitter:label1\" content=\"Est. reading time\" \/>\n\t<meta name=\"twitter:data1\" content=\"1 minute\" \/>\n<script type=\"application\/ld+json\" class=\"yoast-schema-graph\">{\"@context\":\"https:\/\/schema.org\",\"@graph\":[{\"@type\":\"WebPage\",\"@id\":\"https:\/\/dragoljub.in.rs\/wp\/matematika-3-razred-lekcija-006-povrsi-u-prostoru\/\",\"url\":\"https:\/\/dragoljub.in.rs\/wp\/matematika-3-razred-lekcija-006-povrsi-u-prostoru\/\",\"name\":\"Matematika \u2013 3. razred \u2013 lekcija 006 - Povr\u0161i u prostoru - dragoljub.in.rs\",\"isPartOf\":{\"@id\":\"https:\/\/dragoljub.in.rs\/wp\/#website\"},\"datePublished\":\"2026-03-24T16:45:08+00:00\",\"dateModified\":\"2026-03-25T13:49:37+00:00\",\"breadcrumb\":{\"@id\":\"https:\/\/dragoljub.in.rs\/wp\/matematika-3-razred-lekcija-006-povrsi-u-prostoru\/#breadcrumb\"},\"inLanguage\":\"en-US\",\"potentialAction\":[{\"@type\":\"ReadAction\",\"target\":[\"https:\/\/dragoljub.in.rs\/wp\/matematika-3-razred-lekcija-006-povrsi-u-prostoru\/\"]}]},{\"@type\":\"BreadcrumbList\",\"@id\":\"https:\/\/dragoljub.in.rs\/wp\/matematika-3-razred-lekcija-006-povrsi-u-prostoru\/#breadcrumb\",\"itemListElement\":[{\"@type\":\"ListItem\",\"position\":1,\"name\":\"Home\",\"item\":\"https:\/\/dragoljub.in.rs\/wp\/\"},{\"@type\":\"ListItem\",\"position\":2,\"name\":\"Matematika \u2013 3. razred \u2013 lekcija 006 &#8211; Povr\u0161i u prostoru\"}]},{\"@type\":\"WebSite\",\"@id\":\"https:\/\/dragoljub.in.rs\/wp\/#website\",\"url\":\"https:\/\/dragoljub.in.rs\/wp\/\",\"name\":\"dragoljub.in.rs\",\"description\":\"\",\"potentialAction\":[{\"@type\":\"SearchAction\",\"target\":{\"@type\":\"EntryPoint\",\"urlTemplate\":\"https:\/\/dragoljub.in.rs\/wp\/?s={search_term_string}\"},\"query-input\":{\"@type\":\"PropertyValueSpecification\",\"valueRequired\":true,\"valueName\":\"search_term_string\"}}],\"inLanguage\":\"en-US\"}]}<\/script>\n<!-- \/ Yoast SEO plugin. -->","yoast_head_json":{"title":"Matematika \u2013 3. razred \u2013 lekcija 006 - Povr\u0161i u prostoru - dragoljub.in.rs","robots":{"index":"index","follow":"follow","max-snippet":"max-snippet:-1","max-image-preview":"max-image-preview:large","max-video-preview":"max-video-preview:-1"},"canonical":"https:\/\/dragoljub.in.rs\/wp\/matematika-3-razred-lekcija-006-povrsi-u-prostoru\/","og_locale":"en_US","og_type":"article","og_title":"Matematika \u2013 3. razred \u2013 lekcija 006 - Povr\u0161i u prostoru - dragoljub.in.rs","og_description":"NEKE POVR\u0160I U R3 &#8211; matematiranje Konusni preseci DM Konusna i cilindri\u010dna povr\u0161 &#8211; neramat Cilindri\u010dna, konusna i obrtna povr\u0161 &#8211; Matematika III","og_url":"https:\/\/dragoljub.in.rs\/wp\/matematika-3-razred-lekcija-006-povrsi-u-prostoru\/","og_site_name":"dragoljub.in.rs","article_modified_time":"2026-03-25T13:49:37+00:00","twitter_card":"summary_large_image","twitter_misc":{"Est. reading time":"1 minute"},"schema":{"@context":"https:\/\/schema.org","@graph":[{"@type":"WebPage","@id":"https:\/\/dragoljub.in.rs\/wp\/matematika-3-razred-lekcija-006-povrsi-u-prostoru\/","url":"https:\/\/dragoljub.in.rs\/wp\/matematika-3-razred-lekcija-006-povrsi-u-prostoru\/","name":"Matematika \u2013 3. razred \u2013 lekcija 006 - Povr\u0161i u prostoru - dragoljub.in.rs","isPartOf":{"@id":"https:\/\/dragoljub.in.rs\/wp\/#website"},"datePublished":"2026-03-24T16:45:08+00:00","dateModified":"2026-03-25T13:49:37+00:00","breadcrumb":{"@id":"https:\/\/dragoljub.in.rs\/wp\/matematika-3-razred-lekcija-006-povrsi-u-prostoru\/#breadcrumb"},"inLanguage":"en-US","potentialAction":[{"@type":"ReadAction","target":["https:\/\/dragoljub.in.rs\/wp\/matematika-3-razred-lekcija-006-povrsi-u-prostoru\/"]}]},{"@type":"BreadcrumbList","@id":"https:\/\/dragoljub.in.rs\/wp\/matematika-3-razred-lekcija-006-povrsi-u-prostoru\/#breadcrumb","itemListElement":[{"@type":"ListItem","position":1,"name":"Home","item":"https:\/\/dragoljub.in.rs\/wp\/"},{"@type":"ListItem","position":2,"name":"Matematika \u2013 3. razred \u2013 lekcija 006 &#8211; Povr\u0161i u prostoru"}]},{"@type":"WebSite","@id":"https:\/\/dragoljub.in.rs\/wp\/#website","url":"https:\/\/dragoljub.in.rs\/wp\/","name":"dragoljub.in.rs","description":"","potentialAction":[{"@type":"SearchAction","target":{"@type":"EntryPoint","urlTemplate":"https:\/\/dragoljub.in.rs\/wp\/?s={search_term_string}"},"query-input":{"@type":"PropertyValueSpecification","valueRequired":true,"valueName":"search_term_string"}}],"inLanguage":"en-US"}]}},"_links":{"self":[{"href":"https:\/\/dragoljub.in.rs\/wp\/wp-json\/wp\/v2\/pages\/336","targetHints":{"allow":["GET"]}}],"collection":[{"href":"https:\/\/dragoljub.in.rs\/wp\/wp-json\/wp\/v2\/pages"}],"about":[{"href":"https:\/\/dragoljub.in.rs\/wp\/wp-json\/wp\/v2\/types\/page"}],"author":[{"embeddable":true,"href":"https:\/\/dragoljub.in.rs\/wp\/wp-json\/wp\/v2\/users\/1"}],"replies":[{"embeddable":true,"href":"https:\/\/dragoljub.in.rs\/wp\/wp-json\/wp\/v2\/comments?post=336"}],"version-history":[{"count":4,"href":"https:\/\/dragoljub.in.rs\/wp\/wp-json\/wp\/v2\/pages\/336\/revisions"}],"predecessor-version":[{"id":341,"href":"https:\/\/dragoljub.in.rs\/wp\/wp-json\/wp\/v2\/pages\/336\/revisions\/341"}],"wp:attachment":[{"href":"https:\/\/dragoljub.in.rs\/wp\/wp-json\/wp\/v2\/media?parent=336"}],"curies":[{"name":"wp","href":"https:\/\/api.w.org\/{rel}","templated":true}]}}